{"id":11645,"date":"2019-02-28T08:54:56","date_gmt":"2019-02-28T07:54:56","guid":{"rendered":"http:\/\/noushinbagherzadeh.be\/?page_id=11645"},"modified":"2026-04-20T11:31:18","modified_gmt":"2026-04-20T09:31:18","slug":"biographie","status":"publish","type":"page","link":"https:\/\/noushinbagherzadeh.be\/index.php\/biographie\/","title":{"rendered":"Biographie"},"content":{"rendered":"<div class=\"vce-row-container\" data-vce-boxed-width=\"true\"><div class=\"vce-row vce-row--col-gap-30 vce-row-equal-height vce-row-content--top\" id=\"el-490d0790\" data-vce-do-apply=\"all el-490d0790\"><div class=\"vce-row-content\" data-vce-element-content=\"true\"><div class=\"vce-col vce-col--md-auto vce-col--xs-1 vce-col--xs-last vce-col--xs-first vce-col--sm-last vce-col--sm-first vce-col--md-last vce-col--lg-last vce-col--xl-last vce-col--md-first vce-col--lg-first vce-col--xl-first\" id=\"el-d946a521\"><div class=\"vce-col-inner\" data-vce-do-apply=\"border margin background  el-d946a521\"><div class=\"vce-col-content\" data-vce-element-content=\"true\" data-vce-do-apply=\"padding el-d946a521\"><div class=\"vce-text-block\"><div class=\"vce-text-block-wrapper vce\" id=\"el-8598a192\" data-vce-do-apply=\"all el-8598a192\"><p>[vc_row content_placement=\"top\" content_text_aligment=\"\" use_row_as_full_screen_section=\"no\" css=\".vc_custom_1551730442514{padding-top: 0px !important;}\"][vc_column][vc_single_image image=\"11677\" img_size=\"full\"][\/vc_column][\/vc_row][vc_row row_content_width=\"grid\" content_text_aligment=\"\" use_row_as_full_screen_section=\"no\" css=\".vc_custom_1551653006899{padding-top: 46px !important; padding-left: 10px !important; padding-right: 10px !important;}\"][vc_column][vc_column_text css_animation=\"fadeInDown\"]<\/p><p class=\"p1\"><span style=\"font-size: 16pt;\">Le travail de Noushin Bagherzadeh explore les liens entre force et fluidit\u00e9, mouvement et silence, mati\u00e8re et vide. Parmi tous les mat\u00e9riaux, celui auquel elle est le plus attach\u00e9e est le m\u00e9tal. Avec lui, le travail commence comme une \u00e9preuve de force, une rencontre avec la r\u00e9sistance. Peu \u00e0 peu, la mati\u00e8re devient mall\u00e9able, entre dans le mouvement, respire et suit l\u2019impulsion. Ce qui relevait du combat glisse alors vers une danse tendue, exigeante. C\u2019est dans ce passage de la lutte \u00e0 la fluidit\u00e9 que na\u00eet la sculpture.<\/span><\/p><p class=\"p1\"><span style=\"font-size: 16pt;\">Le mouvement traverse tout son travail. Noushin y rend visible une circulation d\u2019\u00e9nergie, un \u00e9lan int\u00e9rieur, comme si la mati\u00e8re continuait encore de se d\u00e9placer en silence. L\u2019\u0153uvre garde en elle une pouss\u00e9e, une tension, une direction. Cette recherche se prolonge dans la mani\u00e8re m\u00eame de regarder la sculpture : on ne la saisit jamais d\u2019un seul regard. Il faut tourner autour d\u2019elle, l\u2019approcher, la contourner, revenir. \u00c0 chaque angle, une autre tension appara\u00eet, une autre ouverture, une autre histoire de formes.<\/span><\/p><p class=\"p1\"><span style=\"font-size: 16pt;\">Dans toutes ses sculptures, quel qu\u2019en soit le sujet ou l\u2019\u00e9chelle, le vide occupe une place essentielle. La forme semble na\u00eetre en lui, tandis que le plein ne fait que l\u2019accompagner. Le vide devient la respiration int\u00e9rieure de l\u2019\u0153uvre, son axe secret, l\u2019ouverture silencieuse par laquelle chacun peut y entrer avec son propre monde. La sculpture devient alors habitable : chacun peut y d\u00e9poser sa m\u00e9moire, ses images, ses sensations, son histoire.<\/span><\/p><p class=\"p1\"><span style=\"font-size: 16pt;\">Ses sculptures portent les souvenirs de l\u2019enfance et l\u2019empreinte, dans l\u2019espace, d\u2019un \u00e9lan, d\u2019un rythme, d\u2019une danse qui rappellent parfois la calligraphie de sa langue maternelle. Elles r\u00e9v\u00e8lent aussi la trace des lieux et la vie qui les a travers\u00e9s, donnant forme \u00e0 une \u00e9nergie, une vibration, une pr\u00e9sence int\u00e9rieure.<\/span><\/p><p class=\"p1\"><span style=\"font-weight: 400; font-style: normal;\"><em><span style=\"color: #000000;\"><span style=\"font-size: 16pt;\">N\u00e9e \u00e0 T\u00e9h\u00e9ran, Noushin entreprend d\u2019abord des \u00e9tudes de graphisme \u00e0 l\u2019Universit\u00e9 des Beaux-Arts. Mais son attrait pour l\u2019espace tridimensionnel, le mouvement et la possibilit\u00e9 de d\u00e9couvrir une forme sous tous ses angles la conduit naturellement vers la sculpture, discipline dans laquelle elle obtient son dipl\u00f4me. Depuis, elle d\u00e9veloppe son travail sculptural dans son atelier \u00e0 Bruxelles.<\/span><\/span><\/em><\/span><\/p><p>[\/vc_column_text][\/vc_column][\/vc_row]<\/p><\/div><\/div><\/div><\/div><\/div><\/div><\/div><\/div>\n","protected":false},"excerpt":{"rendered":"<p>[vc_row content_placement=&#8221;top&#8221; content_text_aligment=&#8221;&#8221; use_row_as_full_screen_section=&#8221;no&#8221; css=&#8221;.vc_custom_1551730442514{padding-top: 0px !important;}&#8221;][vc_column][vc_single_image image=&#8221;11677&#8243; img_size=&#8221;full&#8221;][\/vc_column][\/vc_row][vc_row row_content_width=&#8221;grid&#8221; content_text_aligment=&#8221;&#8221; use_row_as_full_screen_section=&#8221;no&#8221; css=&#8221;.vc_custom_1551653006899{padding-top: 46px !important; padding-left: 10px !important; padding-right: 10px !important;}&#8221;][vc_column][vc_column_text css_animation=&#8221;fadeInDown&#8221;]Le travail de Noushin Bagherzadeh explore les liens entre force et fluidit\u00e9, mouvement et silence, mati\u00e8re et vide. Parmi tous les mat\u00e9riaux, celui auquel [&hellip;]<\/p>\n","protected":false},"author":1,"featured_media":0,"parent":0,"menu_order":0,"comment_status":"closed","ping_status":"closed","template":"full-width.php","meta":{"footnotes":""},"class_list":["post-11645","page","type-page","status-publish","hentry"],"_links":{"self":[{"href":"https:\/\/noushinbagherzadeh.be\/index.php\/wp-json\/wp\/v2\/pages\/11645","targetHints":{"allow":["GET"]}}],"collection":[{"href":"https:\/\/noushinbagherzadeh.be\/index.php\/wp-json\/wp\/v2\/pages"}],"about":[{"href":"https:\/\/noushinbagherzadeh.be\/index.php\/wp-json\/wp\/v2\/types\/page"}],"author":[{"embeddable":true,"href":"https:\/\/noushinbagherzadeh.be\/index.php\/wp-json\/wp\/v2\/users\/1"}],"replies":[{"embeddable":true,"href":"https:\/\/noushinbagherzadeh.be\/index.php\/wp-json\/wp\/v2\/comments?post=11645"}],"version-history":[{"count":65,"href":"https:\/\/noushinbagherzadeh.be\/index.php\/wp-json\/wp\/v2\/pages\/11645\/revisions"}],"predecessor-version":[{"id":40639,"href":"https:\/\/noushinbagherzadeh.be\/index.php\/wp-json\/wp\/v2\/pages\/11645\/revisions\/40639"}],"wp:attachment":[{"href":"https:\/\/noushinbagherzadeh.be\/index.php\/wp-json\/wp\/v2\/media?parent=11645"}],"curies":[{"name":"wp","href":"https:\/\/api.w.org\/{rel}","templated":true}]}}